{"id":5048,"date":"2025-09-23T13:34:26","date_gmt":"2025-09-23T13:34:26","guid":{"rendered":"https:\/\/jupitergroupe.com\/?page_id=5048"},"modified":"2025-09-23T13:47:54","modified_gmt":"2025-09-23T13:47:54","slug":"jupiter-events","status":"publish","type":"page","link":"https:\/\/jupitergroupe.com\/fr\/jupiter-events\/","title":{"rendered":"\u00c9v\u00e9nements"},"content":{"rendered":"<div data-elementor-type=\"wp-page\" data-elementor-id=\"5048\" class=\"elementor elementor-5048\" data-elementor-post-type=\"page\">\n\t\t\t\t<div class=\"elementor-element elementor-element-53fb67c e-flex e-con-boxed e-con e-parent\" data-id=\"53fb67c\" data-element_type=\"container\" data-e-type=\"container\">\n\t\t\t\t\t<div class=\"e-con-inner\">\n\t\t\t\t<div class=\"elementor-element elementor-element-51cb341 elementor-widget elementor-widget-shortcode\" data-id=\"51cb341\" data-element_type=\"widget\" data-e-type=\"widget\" data-widget_type=\"shortcode.default\">\n\t\t\t\t<div class=\"elementor-widget-container\">\n\t\t\t\t\t\t\t<div class=\"elementor-shortcode\"><div class=\"aioseo-breadcrumbs\"><span class=\"aioseo-breadcrumb\">\n\t\t\t<a href=\"https:\/\/jupitergroupe.com\/fr\" title=\"Accueil\">Accueil<\/a>\n\t\t<\/span><\/div><\/div>\n\t\t\t\t\t\t<\/div>\n\t\t\t\t<\/div>\n\t\t\t\t\t<\/div>\n\t\t\t\t<\/div>\n\t\t<div class=\"elementor-element elementor-element-8a9e107 e-flex e-con-boxed e-con e-parent\" data-id=\"8a9e107\" data-element_type=\"container\" data-e-type=\"container\" data-settings=\"{&quot;background_background&quot;:&quot;classic&quot;}\">\n\t\t\t\t\t<div class=\"e-con-inner\">\n\t\t\t\t<div class=\"elementor-element elementor-element-6e34467 elementor-widget elementor-widget-hfe-basic-posts\" data-id=\"6e34467\" data-element_type=\"widget\" data-e-type=\"widget\" data-widget_type=\"hfe-basic-posts.default\">\n\t\t\t\t<div class=\"elementor-widget-container\">\n\t\t\t\t\t\n<div class=\"hfe-posts-grid\">\n\t\t\t<article class=\"hfe-post-card\">\n\t\t\t\t\t\t\t<div class=\"hfe-post-image\">\n\t\t\t\t\t<a href=\"https:\/\/jupitergroupe.com\/fr\/jupiter-group-at-ifx-expo-2024\/\" rel=\"bookmark\">\n\t\t\t\t\t\t<img data-opt-id=1509236075  data-opt-src=\"https:\/\/mlbwt1n5hgmn.i.optimole.com\/cb:2wqI.6b3\/w:150\/h:150\/q:mauto\/rt:fill\/g:ce\/https:\/\/jupitergroupe.com\/wp-content\/uploads\/2025\/05\/IFX-Expo.jpg\"  loading=\"lazy\" decoding=\"async\" width=\"150\" height=\"150\" src=\"data:image/svg+xml,%3Csvg%20viewBox%3D%220%200%20150%20150%22%20width%3D%22150%22%20height%3D%22150%22%20xmlns%3D%22http%3A%2F%2Fwww.w3.org%2F2000%2Fsvg%22%3E%3Crect%20width%3D%22150%22%20height%3D%22150%22%20fill%3D%22transparent%22%2F%3E%3C%2Fsvg%3E\" class=\"attachment-thumbnail size-thumbnail wp-post-image\" alt=\"Jupiter Group at IFX Expo 2024\" old-srcset=\"https:\/\/mlbwt1n5hgmn.i.optimole.com\/cb:2wqI.6b3\/w:150\/h:150\/q:mauto\/rt:fill\/g:ce\/https:\/\/jupitergroupe.com\/wp-content\/uploads\/2025\/05\/IFX-Expo.jpg 150w, https:\/\/mlbwt1n5hgmn.i.optimole.com\/cb:2wqI.6b3\/w:150\/h:150\/q:mauto\/rt:fill\/g:ce\/dpr:2\/https:\/\/jupitergroupe.com\/wp-content\/uploads\/2025\/05\/IFX-Expo.jpg 2x\" \/>\t\t\t\t\t<\/a>\n\t\t\t\t<\/div>\n\t\t\t\n\t\t\t<div class=\"hfe-post-content\">\n\t\t\t\t\t\t\t\t\t<h3 class=\"hfe-post-title\">\n\t\t\t\t\t\t<a href=\"https:\/\/jupitergroupe.com\/fr\/jupiter-group-at-ifx-expo-2024\/\" rel=\"bookmark\">\n\t\t\t\t\t\t\tJupiter Group at IFX Expo 2024\t\t\t\t\t\t<\/a>\n\t\t\t\t\t<\/h3>\n\t\t\t\t\n\t\t\t\t\t\t\t\t\t<div class=\"hfe-post-meta\">\n\t\t\t\t\t\t<span class=\"hfe-post-date\">septembre 20, 2024<\/span><span class=\"hfe-meta-separator\"> | <\/span><span class=\"hfe-post-author\">by Jupiter_Adm<\/span>\t\t\t\t\t<\/div>\n\t\t\t\t\n\t\t\t\t\t\t\t\t\t<div class=\"hfe-post-excerpt\">\n\t\t\t\t\t\tAccueil \/ \u00c9v\u00e9nements \/ Jupiter Group \u00e0 l'IFX Expo 2024 Jupiter Group \u00e0 l'IFX Expo 2024 Nous sommes ravis de...\t\t\t\t\t<\/div>\n\t\t\t\t\n\t\t\t\t\t\t\t\t\t<a href=\"https:\/\/jupitergroupe.com\/fr\/jupiter-group-at-ifx-expo-2024\/\" class=\"hfe-read-more\" rel=\"bookmark\">\n\t\t\t\t\t\tEn savoir plus \u2192\t\t\t\t\t<\/a>\n\t\t\t\t\t\t\t<\/div>\n\t\t<\/article>\n\t\t\t\t<article class=\"hfe-post-card\">\n\t\t\t\t\t\t\t<div class=\"hfe-post-image\">\n\t\t\t\t\t<a href=\"https:\/\/jupitergroupe.com\/fr\/shelter-for-women-children-in-distress-trust-fund-swcd\/\" rel=\"bookmark\">\n\t\t\t\t\t\t<img data-opt-id=1155037593  data-opt-src=\"https:\/\/mlbwt1n5hgmn.i.optimole.com\/cb:2wqI.6b3\/w:150\/h:150\/q:mauto\/rt:fill\/g:ce\/https:\/\/jupitergroupe.com\/wp-content\/uploads\/2025\/05\/SWCD-1.jpg\"  loading=\"lazy\" decoding=\"async\" width=\"150\" height=\"150\" src=\"data:image/svg+xml,%3Csvg%20viewBox%3D%220%200%20150%20150%22%20width%3D%22150%22%20height%3D%22150%22%20xmlns%3D%22http%3A%2F%2Fwww.w3.org%2F2000%2Fsvg%22%3E%3Crect%20width%3D%22150%22%20height%3D%22150%22%20fill%3D%22transparent%22%2F%3E%3C%2Fsvg%3E\" class=\"attachment-thumbnail size-thumbnail wp-post-image\" alt=\"Shelter for Women &#038; Children in Distress Trust Fund (SWCD)\" old-srcset=\"https:\/\/mlbwt1n5hgmn.i.optimole.com\/cb:2wqI.6b3\/w:150\/h:150\/q:mauto\/rt:fill\/g:ce\/https:\/\/jupitergroupe.com\/wp-content\/uploads\/2025\/05\/SWCD-1.jpg 150w, https:\/\/mlbwt1n5hgmn.i.optimole.com\/cb:2wqI.6b3\/w:150\/h:150\/q:mauto\/rt:fill\/g:ce\/dpr:2\/https:\/\/jupitergroupe.com\/wp-content\/uploads\/2025\/05\/SWCD-1.jpg 2x\" \/>\t\t\t\t\t<\/a>\n\t\t\t\t<\/div>\n\t\t\t\n\t\t\t<div class=\"hfe-post-content\">\n\t\t\t\t\t\t\t\t\t<h3 class=\"hfe-post-title\">\n\t\t\t\t\t\t<a href=\"https:\/\/jupitergroupe.com\/fr\/shelter-for-women-children-in-distress-trust-fund-swcd\/\" rel=\"bookmark\">\n\t\t\t\t\t\t\tShelter for Women &#038; Children in Distress Trust Fund (SWCD)\t\t\t\t\t\t<\/a>\n\t\t\t\t\t<\/h3>\n\t\t\t\t\n\t\t\t\t\t\t\t\t\t<div class=\"hfe-post-meta\">\n\t\t\t\t\t\t<span class=\"hfe-post-date\">d\u00e9cembre 14, 2023<\/span><span class=\"hfe-meta-separator\"> | <\/span><span class=\"hfe-post-author\">by Jupiter_Adm<\/span>\t\t\t\t\t<\/div>\n\t\t\t\t\n\t\t\t\t\t\t\t\t\t<div class=\"hfe-post-excerpt\">\n\t\t\t\t\t\tAccueil \/ \u00c9v\u00e9nements \/ Fonds fiduciaire pour les refuges pour femmes et enfants en d\u00e9tresse (SWCD) Refuge pour femmes et enfants en...\t\t\t\t\t<\/div>\n\t\t\t\t\n\t\t\t\t\t\t\t\t\t<a href=\"https:\/\/jupitergroupe.com\/fr\/shelter-for-women-children-in-distress-trust-fund-swcd\/\" class=\"hfe-read-more\" rel=\"bookmark\">\n\t\t\t\t\t\tEn savoir plus \u2192\t\t\t\t\t<\/a>\n\t\t\t\t\t\t\t<\/div>\n\t\t<\/article>\n\t\t\t\t<article class=\"hfe-post-card\">\n\t\t\t\t\t\t\t<div class=\"hfe-post-image\">\n\t\t\t\t\t<a href=\"https:\/\/jupitergroupe.com\/fr\/aam2023\/\" rel=\"bookmark\">\n\t\t\t\t\t\t<img data-opt-id=1344181590  data-opt-src=\"https:\/\/mlbwt1n5hgmn.i.optimole.com\/cb:2wqI.6b3\/w:150\/h:150\/q:mauto\/rt:fill\/g:ce\/https:\/\/jupitergroupe.com\/wp-content\/uploads\/2025\/05\/AAM2023.jpg\"  loading=\"lazy\" decoding=\"async\" width=\"150\" height=\"150\" src=\"data:image/svg+xml,%3Csvg%20viewBox%3D%220%200%20150%20150%22%20width%3D%22150%22%20height%3D%22150%22%20xmlns%3D%22http%3A%2F%2Fwww.w3.org%2F2000%2Fsvg%22%3E%3Crect%20width%3D%22150%22%20height%3D%22150%22%20fill%3D%22transparent%22%2F%3E%3C%2Fsvg%3E\" class=\"attachment-thumbnail size-thumbnail wp-post-image\" alt=\"AAM2023\" old-srcset=\"https:\/\/mlbwt1n5hgmn.i.optimole.com\/cb:2wqI.6b3\/w:150\/h:150\/q:mauto\/rt:fill\/g:ce\/https:\/\/jupitergroupe.com\/wp-content\/uploads\/2025\/05\/AAM2023.jpg 150w, https:\/\/mlbwt1n5hgmn.i.optimole.com\/cb:2wqI.6b3\/w:150\/h:150\/q:mauto\/rt:fill\/g:ce\/dpr:2\/https:\/\/jupitergroupe.com\/wp-content\/uploads\/2025\/05\/AAM2023.jpg 2x\" \/>\t\t\t\t\t<\/a>\n\t\t\t\t<\/div>\n\t\t\t\n\t\t\t<div class=\"hfe-post-content\">\n\t\t\t\t\t\t\t\t\t<h3 class=\"hfe-post-title\">\n\t\t\t\t\t\t<a href=\"https:\/\/jupitergroupe.com\/fr\/aam2023\/\" rel=\"bookmark\">\n\t\t\t\t\t\t\tAAM2023\t\t\t\t\t\t<\/a>\n\t\t\t\t\t<\/h3>\n\t\t\t\t\n\t\t\t\t\t\t\t\t\t<div class=\"hfe-post-meta\">\n\t\t\t\t\t\t<span class=\"hfe-post-date\">juin 23, 2023<\/span><span class=\"hfe-meta-separator\"> | <\/span><span class=\"hfe-post-author\">by Jupiter_Adm<\/span>\t\t\t\t\t<\/div>\n\t\t\t\t\n\t\t\t\t\t\t\t\t\t<div class=\"hfe-post-excerpt\">\n\t\t\t\t\t\tAccueil \/ \u00c9v\u00e9nements \/ AAM2023 Assembl\u00e9es annuelles du 30e anniversaire d'Afreximbank Jupiter Corporate Services Limited, la seule soci\u00e9t\u00e9 de gestion agr\u00e9\u00e9e au...\t\t\t\t\t<\/div>\n\t\t\t\t\n\t\t\t\t\t\t\t\t\t<a href=\"https:\/\/jupitergroupe.com\/fr\/aam2023\/\" class=\"hfe-read-more\" rel=\"bookmark\">\n\t\t\t\t\t\tEn savoir plus \u2192\t\t\t\t\t<\/a>\n\t\t\t\t\t\t\t<\/div>\n\t\t<\/article>\n\t\t<\/div>\n\t\t\t\t<\/div>\n\t\t\t\t<\/div>\n\t\t\t\t\t<\/div>\n\t\t\t\t<\/div>\n\t\t\t\t<\/div>","protected":false},"excerpt":{"rendered":"<p>Jupiter Group at IFX Expo 2024 September 20, 2024 | by Jupiter_Adm Jupiter Group at IFX Expo 2024 At Jupiter Corporate Services, we provide a full range of corporate, fiduciary, and financial&#8230; Read More \u2192 Shelter for Women &#038; Children in Distress Trust Fund (SWCD) December 14, 2023 | by Jupiter_Adm Shelter for Women &amp; [&hellip;]<\/p>","protected":false},"author":1,"featured_media":0,"parent":0,"menu_order":0,"comment_status":"closed","ping_status":"closed","template":"elementor_header_footer","meta":{"_monsterinsights_skip_tracking":false,"_monsterinsights_sitenote_active":false,"_monsterinsights_sitenote_note":"","_monsterinsights_sitenote_category":0,"footnotes":""},"class_list":["post-5048","page","type-page","status-publish","hentry"],"aioseo_notices":[],"_hostinger_reach_plugin_has_subscription_block":false,"_hostinger_reach_plugin_is_elementor":false,"_links":{"self":[{"href":"https:\/\/jupitergroupe.com\/fr\/wp-json\/wp\/v2\/pages\/5048","targetHints":{"allow":["GET"]}}],"collection":[{"href":"https:\/\/jupitergroupe.com\/fr\/wp-json\/wp\/v2\/pages"}],"about":[{"href":"https:\/\/jupitergroupe.com\/fr\/wp-json\/wp\/v2\/types\/page"}],"author":[{"embeddable":true,"href":"https:\/\/jupitergroupe.com\/fr\/wp-json\/wp\/v2\/users\/1"}],"replies":[{"embeddable":true,"href":"https:\/\/jupitergroupe.com\/fr\/wp-json\/wp\/v2\/comments?post=5048"}],"version-history":[{"count":7,"href":"https:\/\/jupitergroupe.com\/fr\/wp-json\/wp\/v2\/pages\/5048\/revisions"}],"predecessor-version":[{"id":5056,"href":"https:\/\/jupitergroupe.com\/fr\/wp-json\/wp\/v2\/pages\/5048\/revisions\/5056"}],"wp:attachment":[{"href":"https:\/\/jupitergroupe.com\/fr\/wp-json\/wp\/v2\/media?parent=5048"}],"curies":[{"name":"wp","href":"https:\/\/api.w.org\/{rel}","templated":true}]}}