{"id":13,"date":"2025-04-14T09:48:48","date_gmt":"2025-04-14T09:48:48","guid":{"rendered":"https:\/\/jupitergroupe.com\/web\/?page_id=13"},"modified":"2025-09-22T12:48:56","modified_gmt":"2025-09-22T12:48:56","slug":"about-us","status":"publish","type":"page","link":"https:\/\/jupitergroupe.com\/fr\/about-us\/","title":{"rendered":"\u00c0 Propos de Nous"},"content":{"rendered":"<div data-elementor-type=\"wp-page\" data-elementor-id=\"13\" class=\"elementor elementor-13\" data-elementor-post-type=\"page\">\n\t\t\t\t<div class=\"elementor-element elementor-element-1ede2ef e-con-full e-flex e-con e-parent\" data-id=\"1ede2ef\" data-element_type=\"container\" data-e-type=\"container\" data-settings=\"{&quot;background_background&quot;:&quot;classic&quot;}\">\n\t\t\t\t<div class=\"elementor-element elementor-element-3f79ef0 animated-slow elementor-widget elementor-widget-heading\" data-id=\"3f79ef0\" data-element_type=\"widget\" data-e-type=\"widget\" data-settings=\"{&quot;_animation&quot;:&quot;none&quot;,&quot;_animation_delay&quot;:2000}\" data-widget_type=\"heading.default\">\n\t\t\t\t<div class=\"elementor-widget-container\">\n\t\t\t\t\t<h2 class=\"elementor-heading-title elementor-size-default\">\u00c0 Propos de Jupiter Group<\/h2>\t\t\t\t<\/div>\n\t\t\t\t<\/div>\n\t\t\t\t<div class=\"elementor-element elementor-element-de52275 elementor-widget elementor-widget-text-editor\" data-id=\"de52275\" data-element_type=\"widget\" data-e-type=\"widget\" data-widget_type=\"text-editor.default\">\n\t\t\t\t<div class=\"elementor-widget-container\">\n\t\t\t\t\t\t\t\t\t<p><em>Des partenaires de confiance dans votre parcours mondial<\/em><\/p>\t\t\t\t\t\t\t\t<\/div>\n\t\t\t\t<\/div>\n\t\t\t\t<\/div>\n\t\t<div class=\"elementor-element elementor-element-8dcb9e0 e-flex e-con-boxed e-con e-parent\" data-id=\"8dcb9e0\" data-element_type=\"container\" data-e-type=\"container\" data-settings=\"{&quot;background_background&quot;:&quot;classic&quot;}\">\n\t\t\t\t\t<div class=\"e-con-inner\">\n\t\t\t\t<div class=\"elementor-element elementor-element-9ebd74d elementor-widget elementor-widget-shortcode\" data-id=\"9ebd74d\" data-element_type=\"widget\" data-e-type=\"widget\" data-widget_type=\"shortcode.default\">\n\t\t\t\t<div class=\"elementor-widget-container\">\n\t\t\t\t\t\t\t<div class=\"elementor-shortcode\"><div class=\"aioseo-breadcrumbs\"><span class=\"aioseo-breadcrumb\">\n\t\t\t<a href=\"https:\/\/jupitergroupe.com\/fr\" title=\"Accueil\">Accueil<\/a>\n\t\t<\/span><\/div><\/div>\n\t\t\t\t\t\t<\/div>\n\t\t\t\t<\/div>\n\t\t<div class=\"elementor-element elementor-element-c7f8081 e-con-full e-flex e-con e-child\" data-id=\"c7f8081\" data-element_type=\"container\" data-e-type=\"container\">\n\t\t<div class=\"elementor-element elementor-element-c9af685 e-grid e-con-full e-con e-child\" data-id=\"c9af685\" data-element_type=\"container\" data-e-type=\"container\" data-settings=\"{&quot;background_background&quot;:&quot;classic&quot;}\">\n\t\t<a class=\"elementor-element elementor-element-bb5de62 e-con-full e-flex e-con e-child\" data-id=\"bb5de62\" data-element_type=\"container\" data-e-type=\"container\" data-settings=\"{&quot;background_background&quot;:&quot;classic&quot;}\">\n\t\t\t\t<\/a>\n\t\t<div class=\"elementor-element elementor-element-73396a9 e-con-full e-flex e-con e-child\" data-id=\"73396a9\" data-element_type=\"container\" data-e-type=\"container\" data-settings=\"{&quot;background_background&quot;:&quot;classic&quot;}\">\n\t\t<div class=\"elementor-element elementor-element-bbc37e1 e-con-full e-flex e-con e-child\" data-id=\"bbc37e1\" data-element_type=\"container\" data-e-type=\"container\" data-settings=\"{&quot;background_background&quot;:&quot;classic&quot;}\">\n\t\t\t\t<div class=\"elementor-element elementor-element-5bcd9b2 elementor-widget elementor-widget-heading\" data-id=\"5bcd9b2\" data-element_type=\"widget\" data-e-type=\"widget\" data-widget_type=\"heading.default\">\n\t\t\t\t<div class=\"elementor-widget-container\">\n\t\t\t\t\t<h2 class=\"elementor-heading-title elementor-size-default\">Notre Parcours<\/h2>\t\t\t\t<\/div>\n\t\t\t\t<\/div>\n\t\t\t\t<div class=\"elementor-element elementor-element-389fb5b elementor-widget elementor-widget-text-editor\" data-id=\"389fb5b\" data-element_type=\"widget\" data-e-type=\"widget\" data-widget_type=\"text-editor.default\">\n\t\t\t\t<div class=\"elementor-widget-container\">\n\t\t\t\t\t\t\t\t\t<p>Chez <strong>Jupiter Group<\/strong>, notre aventure dans la gestion de services financiers a commenc\u00e9 avec une vision claire et ambitieuse : <strong>accompagner les entreprises et les particuliers vers leur plein potentiel<\/strong>. Fond\u00e9s sur les piliers de l\u2019int\u00e9grit\u00e9, de l\u2019innovation et d\u2019un engagement constant envers la satisfaction client, nous avons \u00e9volu\u00e9 pour devenir une r\u00e9f\u00e9rence de confiance dans la gestion d\u2019entit\u00e9s offshore. Chez Jupiter Group, nous ne faisons pas que g\u00e9rer des services \u2014 nous construisons des partenariats solides et cr\u00e9ons une valeur p\u00e9renne.<\/p>\t\t\t\t\t\t\t\t<\/div>\n\t\t\t\t<\/div>\n\t\t\t\t<\/div>\n\t\t\t\t<\/div>\n\t\t\t\t<\/div>\n\t\t\t\t<\/div>\n\t\t<div class=\"elementor-element elementor-element-4d5062d e-con-full e-flex e-con e-child\" data-id=\"4d5062d\" data-element_type=\"container\" data-e-type=\"container\">\n\t\t<div class=\"elementor-element elementor-element-9dda929 e-grid e-con-full elementor-hidden-tablet elementor-hidden-mobile e-con e-child\" data-id=\"9dda929\" data-element_type=\"container\" data-e-type=\"container\" data-settings=\"{&quot;background_background&quot;:&quot;classic&quot;}\">\n\t\t<div class=\"elementor-element elementor-element-7394af4 e-con-full e-flex e-con e-child\" data-id=\"7394af4\" data-element_type=\"container\" data-e-type=\"container\" data-settings=\"{&quot;background_background&quot;:&quot;classic&quot;}\">\n\t\t<div class=\"elementor-element elementor-element-0de763c e-con-full e-flex e-con e-child\" data-id=\"0de763c\" data-element_type=\"container\" data-e-type=\"container\" data-settings=\"{&quot;background_background&quot;:&quot;classic&quot;}\">\n\t\t\t\t<div class=\"elementor-element elementor-element-a65e79b elementor-widget elementor-widget-heading\" data-id=\"a65e79b\" data-element_type=\"widget\" data-e-type=\"widget\" data-widget_type=\"heading.default\">\n\t\t\t\t<div class=\"elementor-widget-container\">\n\t\t\t\t\t<h2 class=\"elementor-heading-title elementor-size-default\">Qui Nous Sommes<\/h2>\t\t\t\t<\/div>\n\t\t\t\t<\/div>\n\t\t\t\t<div class=\"elementor-element elementor-element-585f9de elementor-widget elementor-widget-text-editor\" data-id=\"585f9de\" data-element_type=\"widget\" data-e-type=\"widget\" data-widget_type=\"text-editor.default\">\n\t\t\t\t<div class=\"elementor-widget-container\">\n\t\t\t\t\t\t\t\t\t<p>Jupiter Group n\u2019est pas seulement un prestataire de services globaux \u2014 nous sommes des partenaires de confiance dans votre parcours offshore. Notre \u00e9quipe est compos\u00e9e de professionnels hautement qualifi\u00e9s aux expertises vari\u00e9es, unis par un m\u00eame engagement : l\u2019excellence et la priorit\u00e9 au client. Gr\u00e2ce \u00e0 des ann\u00e9es d\u2019exp\u00e9rience pratique et \u00e0 une connaissance approfondie de l\u2019environnement international des affaires, nous offrons des solutions sur mesure et des conseils strat\u00e9giques pour soutenir votre croissance.<\/p>\t\t\t\t\t\t\t\t<\/div>\n\t\t\t\t<\/div>\n\t\t\t\t<\/div>\n\t\t\t\t<\/div>\n\t\t<div class=\"elementor-element elementor-element-55d8450 e-con-full e-flex e-con e-child\" data-id=\"55d8450\" data-element_type=\"container\" data-e-type=\"container\" data-settings=\"{&quot;background_background&quot;:&quot;classic&quot;}\">\n\t\t\t\t<\/div>\n\t\t\t\t<\/div>\n\t\t\t\t<\/div>\n\t\t<div class=\"elementor-element elementor-element-ea7866d e-con-full e-flex e-con e-child\" data-id=\"ea7866d\" data-element_type=\"container\" data-e-type=\"container\">\n\t\t<div class=\"elementor-element elementor-element-2afe272 e-con-full e-flex e-con e-child\" data-id=\"2afe272\" data-element_type=\"container\" data-e-type=\"container\" data-settings=\"{&quot;background_background&quot;:&quot;classic&quot;}\">\n\t\t\t\t<div class=\"elementor-element elementor-element-0c3d77c elementor-widget elementor-widget-heading\" data-id=\"0c3d77c\" data-element_type=\"widget\" data-e-type=\"widget\" data-widget_type=\"heading.default\">\n\t\t\t\t<div class=\"elementor-widget-container\">\n\t\t\t\t\t<h2 class=\"elementor-heading-title elementor-size-default\">La Force de Notre R\u00e9ussite<\/h2>\t\t\t\t<\/div>\n\t\t\t\t<\/div>\n\t\t\t\t<div class=\"elementor-element elementor-element-ed439d9 elementor-widget elementor-widget-text-editor\" data-id=\"ed439d9\" data-element_type=\"widget\" data-e-type=\"widget\" data-widget_type=\"text-editor.default\">\n\t\t\t\t<div class=\"elementor-widget-container\">\n\t\t\t\t\t\t\t\t\t<p class=\"translation-block\">Ce qui fait la force de Jupiter Group, c\u2019est avant tout notre \u00e9quipe. Des experts passionn\u00e9s, aux comp\u00e9tences multiples, anim\u00e9s par la volont\u00e9 de placer vos int\u00e9r\u00eats au c\u0153ur de nos actions. Leur savoir-faire, associ\u00e9 \u00e0 une vision tourn\u00e9e vers l\u2019avenir, nous permet de vous proposer des solutions adapt\u00e9es \u00e0 vos ambitions et de vous accompagner sur le long terme.<\/p>\t\t\t\t\t\t\t\t<\/div>\n\t\t\t\t<\/div>\n\t\t\t\t<\/div>\n\t\t<div class=\"elementor-element elementor-element-831e37d e-con-full e-flex e-con e-child\" data-id=\"831e37d\" data-element_type=\"container\" data-e-type=\"container\" data-settings=\"{&quot;background_background&quot;:&quot;classic&quot;}\">\n\t\t\t\t<div class=\"elementor-element elementor-element-facbd88 elementor-widget elementor-widget-heading\" data-id=\"facbd88\" data-element_type=\"widget\" data-e-type=\"widget\" data-widget_type=\"heading.default\">\n\t\t\t\t<div class=\"elementor-widget-container\">\n\t\t\t\t\t<h2 class=\"elementor-heading-title elementor-size-default\">Aper\u00e7u de l\u2019Entreprise<\/h2>\t\t\t\t<\/div>\n\t\t\t\t<\/div>\n\t\t\t\t<div class=\"elementor-element elementor-element-afdcbba elementor-widget elementor-widget-text-editor\" data-id=\"afdcbba\" data-element_type=\"widget\" data-e-type=\"widget\" data-widget_type=\"text-editor.default\">\n\t\t\t\t<div class=\"elementor-widget-container\">\n\t\t\t\t\t\t\t\t\t<p>Jupiter Group allie un solide historique de performance \u00e0 une approche progressive afin de proposer des solutions financi\u00e8res adapt\u00e9es aussi bien aux entreprises qu\u2019aux particuliers.\nNos services couvrent : la d\u00e9tention et la gestion d\u2019investissements, la planification successorale et patrimoniale, des strat\u00e9gies de gestion des risques, Nous mettons votre r\u00e9ussite financi\u00e8re au centre de toutes nos actions.<\/p>\t\t\t\t\t\t\t\t<\/div>\n\t\t\t\t<\/div>\n\t\t\t\t<div class=\"elementor-element elementor-element-ab4824a elementor-widget elementor-widget-heading\" data-id=\"ab4824a\" data-element_type=\"widget\" data-e-type=\"widget\" data-widget_type=\"heading.default\">\n\t\t\t\t<div class=\"elementor-widget-container\">\n\t\t\t\t\t<h2 class=\"elementor-heading-title elementor-size-default\">Nos Valeurs<\/h2>\t\t\t\t<\/div>\n\t\t\t\t<\/div>\n\t\t\t\t<div class=\"elementor-element elementor-element-1267ea1 elementor-widget elementor-widget-text-editor\" data-id=\"1267ea1\" data-element_type=\"widget\" data-e-type=\"widget\" data-widget_type=\"text-editor.default\">\n\t\t\t\t<div class=\"elementor-widget-container\">\n\t\t\t\t\t\t\t\t\t<p>Chez Jupiter Group, nos valeurs sont la pierre angulaire de notre identit\u00e9 et orientent chacun de nos engagements. Int\u00e9grit\u00e9 et professionnalisme : agir avec transparence et rigueur. Client first : placer vos int\u00e9r\u00eats au premier plan. Excellence durable : viser des r\u00e9sultats qui cr\u00e9ent de la valeur \u00e0 long terme. <strong>Nous b\u00e2tissons avec nos clients de v\u00e9ritables partenariats de confiance, bas\u00e9s sur le respect mutuel, la transparence et la r\u00e9ussite partag\u00e9e.<\/strong><\/p>\t\t\t\t\t\t\t\t<\/div>\n\t\t\t\t<\/div>\n\t\t\t\t<\/div>\n\t\t\t\t<\/div>\n\t\t\t\t\t<\/div>\n\t\t\t\t<\/div>\n\t\t\t\t<\/div>","protected":false},"excerpt":{"rendered":"<p>About Jupiter Group Trusted Partners in Your Global Journey Our Journey At Jupiter Group, our journey in financial services management began with a clear and compelling purpose: to help individuals and businesses reach their full potential. Founded on the pillars of integrity, innovation, and an unwavering focus on client satisfaction, we have steadily grown into [&hellip;]<\/p>","protected":false},"author":1,"featured_media":0,"parent":0,"menu_order":0,"comment_status":"closed","ping_status":"closed","template":"elementor_header_footer","meta":{"_monsterinsights_skip_tracking":false,"_monsterinsights_sitenote_active":false,"_monsterinsights_sitenote_note":"","_monsterinsights_sitenote_category":0,"footnotes":""},"class_list":["post-13","page","type-page","status-publish","hentry"],"aioseo_notices":[],"_hostinger_reach_plugin_has_subscription_block":false,"_hostinger_reach_plugin_is_elementor":false,"_links":{"self":[{"href":"https:\/\/jupitergroupe.com\/fr\/wp-json\/wp\/v2\/pages\/13","targetHints":{"allow":["GET"]}}],"collection":[{"href":"https:\/\/jupitergroupe.com\/fr\/wp-json\/wp\/v2\/pages"}],"about":[{"href":"https:\/\/jupitergroupe.com\/fr\/wp-json\/wp\/v2\/types\/page"}],"author":[{"embeddable":true,"href":"https:\/\/jupitergroupe.com\/fr\/wp-json\/wp\/v2\/users\/1"}],"replies":[{"embeddable":true,"href":"https:\/\/jupitergroupe.com\/fr\/wp-json\/wp\/v2\/comments?post=13"}],"version-history":[{"count":86,"href":"https:\/\/jupitergroupe.com\/fr\/wp-json\/wp\/v2\/pages\/13\/revisions"}],"predecessor-version":[{"id":4634,"href":"https:\/\/jupitergroupe.com\/fr\/wp-json\/wp\/v2\/pages\/13\/revisions\/4634"}],"wp:attachment":[{"href":"https:\/\/jupitergroupe.com\/fr\/wp-json\/wp\/v2\/media?parent=13"}],"curies":[{"name":"wp","href":"https:\/\/api.w.org\/{rel}","templated":true}]}}